{"id":107,"date":"2025-12-01T11:10:35","date_gmt":"2025-12-01T11:10:35","guid":{"rendered":"https:\/\/pmarches.lpmiaw.univ-lr.fr\/wordpress3\/?post_type=product&#038;p=107"},"modified":"2025-12-02T11:26:58","modified_gmt":"2025-12-02T11:26:58","slug":"arome-noisette-2","status":"publish","type":"product","link":"https:\/\/pmarches.lpmiaw.univ-lr.fr\/wordpress3\/produit\/arome-noisette-2\/","title":{"rendered":"Sirop Noisette"},"content":{"rendered":"<h2 data-start=\"126\" data-end=\"165\"><strong data-start=\"129\" data-end=\"163\">Sirop Noisette \u2013 MAISON MATCHA<\/strong><\/h2>\n<p data-start=\"166\" data-end=\"218\">Une douceur gourmande pour sublimer votre matcha<\/p>\n<p data-start=\"220\" data-end=\"493\">D\u00e9couvrez l\u2019ar\u00f4me Noisette sign\u00e9 <strong data-start=\"253\" data-end=\"270\">MAISON MATCHA<\/strong>, pens\u00e9 pour apporter \u00e0 votre matcha une rondeur d\u00e9licate et l\u00e9g\u00e8rement toast\u00e9e. Cet ar\u00f4me g\u00e9n\u00e9reux et r\u00e9confortant se marie parfaitement avec les notes v\u00e9g\u00e9tales du th\u00e9 vert pour cr\u00e9er des boissons raffin\u00e9es et gourmandes.<\/p>\n<h3 data-start=\"500\" data-end=\"536\"><strong data-start=\"504\" data-end=\"536\">Pourquoi vous allez l\u2019adorer<\/strong><\/h3>\n<ul data-start=\"537\" data-end=\"946\">\n<li data-start=\"537\" data-end=\"661\">\n<p data-start=\"539\" data-end=\"661\"><strong data-start=\"539\" data-end=\"568\">Saveur riche et onctueuse<\/strong> : une noisette ronde, subtilement grill\u00e9e, parfaite pour des cr\u00e9ations chaudes ou froides.<\/p>\n<\/li>\n<li data-start=\"662\" data-end=\"768\">\n<p data-start=\"664\" data-end=\"768\"><strong data-start=\"664\" data-end=\"692\">Texture fine et homog\u00e8ne<\/strong> : se m\u00e9lange instantan\u00e9ment au matcha, latt\u00e9s ou pr\u00e9parations culinaires.<\/p>\n<\/li>\n<li data-start=\"769\" data-end=\"866\">\n<p data-start=\"771\" data-end=\"866\"><strong data-start=\"771\" data-end=\"793\">Polyvalence totale<\/strong> : id\u00e9al pour des recettes gourmandes, sans alourdir le go\u00fbt du matcha.<\/p>\n<\/li>\n<li data-start=\"867\" data-end=\"946\">\n<p data-start=\"869\" data-end=\"946\"><strong data-start=\"869\" data-end=\"882\">Ar\u00f4me pur<\/strong> : formul\u00e9 pour respecter la qualit\u00e9 artisanale de vos boissons.<\/p>\n<\/li>\n<\/ul>\n<h3 data-start=\"953\" data-end=\"981\"><strong data-start=\"957\" data-end=\"981\">Comment l\u2019utiliser ?<\/strong><\/h3>\n<ul data-start=\"982\" data-end=\"1275\">\n<li data-start=\"982\" data-end=\"1066\">\n<p data-start=\"984\" data-end=\"1066\">Ajoutez <strong data-start=\"992\" data-end=\"1020\">\u215b \u00e0 \u00bc de cuill\u00e8re \u00e0 caf\u00e9<\/strong> dans votre matcha, latte ou boisson chaude.<\/p>\n<\/li>\n<li data-start=\"1067\" data-end=\"1100\">\n<p data-start=\"1069\" data-end=\"1100\">Intensifiez selon votre go\u00fbt.<\/p>\n<\/li>\n<li data-start=\"1101\" data-end=\"1275\">\n<p data-start=\"1103\" data-end=\"1131\">D\u00e9licieux \u00e9galement dans :<\/p>\n<ul data-start=\"1134\" data-end=\"1275\">\n<li data-start=\"1134\" data-end=\"1165\">\n<p data-start=\"1136\" data-end=\"1165\">matcha latte chaud ou glac\u00e9<\/p>\n<\/li>\n<li data-start=\"1168\" data-end=\"1195\">\n<p data-start=\"1170\" data-end=\"1195\">caf\u00e9s, chocolats chauds<\/p>\n<\/li>\n<li data-start=\"1198\" data-end=\"1219\">\n<p data-start=\"1200\" data-end=\"1219\">smoothies cr\u00e9meux<\/p>\n<\/li>\n<li data-start=\"1222\" data-end=\"1275\">\n<p data-start=\"1224\" data-end=\"1275\">desserts (cookies, brownies, porridge, bowl cake)<\/p>\n<\/li>\n<\/ul>\n<\/li>\n<\/ul>\n<h3 data-start=\"1282\" data-end=\"1309\"><strong data-start=\"1286\" data-end=\"1309\">Formats disponibles<\/strong><\/h3>\n<ul data-start=\"1310\" data-end=\"1434\">\n<li data-start=\"1310\" data-end=\"1364\">\n<p data-start=\"1312\" data-end=\"1364\"><strong data-start=\"1312\" data-end=\"1320\">50 g<\/strong> \u2013 parfait pour d\u00e9couvrir l\u2019ar\u00f4me Noisette<\/p>\n<\/li>\n<li data-start=\"1365\" data-end=\"1434\">\n<p data-start=\"1367\" data-end=\"1434\"><strong data-start=\"1367\" data-end=\"1376\">100 g<\/strong> \u2013 format avantageux pour les amateurs de notes gourmandes<\/p>\n<\/li>\n<\/ul>\n<h3 data-start=\"1441\" data-end=\"1460\"><strong data-start=\"1445\" data-end=\"1460\">Ingr\u00e9dients<\/strong><\/h3>\n<p data-start=\"1461\" data-end=\"1496\">Ar\u00f4me naturel de noisette (poudre).<\/p>\n<h3 data-start=\"1503\" data-end=\"1523\"><strong data-start=\"1507\" data-end=\"1523\">Conservation<\/strong><\/h3>\n<p data-start=\"1524\" data-end=\"1689\">Conserver dans un endroit sec, \u00e0 l\u2019abri de la lumi\u00e8re et de la chaleur.<br data-start=\"1595\" data-end=\"1598\" \/>Bien refermer le sachet ou le pot apr\u00e8s usage pour pr\u00e9server toute la fra\u00eecheur de l\u2019ar\u00f4me.<\/p>\n","protected":false},"excerpt":{"rendered":"<h2 data-start=\"126\" data-end=\"165\"><strong data-start=\"129\" data-end=\"163\">Sirop Noisette \u2013 MAISON MATCHA<\/strong><\/h2>\n<h3 data-start=\"166\" data-end=\"218\">Une douceur gourmande pour sublimer votre matcha<\/h3>\n<p data-start=\"220\" data-end=\"493\">D\u00e9couvrez le sirop Noisette sign\u00e9 <strong data-start=\"253\" data-end=\"270\">MAISON MATCHA<\/strong>, pens\u00e9 pour apporter \u00e0 votre matcha une rondeur d\u00e9licate et l\u00e9g\u00e8rement toast\u00e9e. Cet ar\u00f4me g\u00e9n\u00e9reux et r\u00e9confortant se marie parfaitement avec les notes v\u00e9g\u00e9tales du th\u00e9 vert pour cr\u00e9er des boissons raffin\u00e9es et gourmandes.<\/p>\n","protected":false},"featured_media":114,"comment_status":"open","ping_status":"closed","template":"","meta":{"site-sidebar-layout":"default","site-content-layout":"","ast-site-content-layout":"default","site-content-style":"default","site-sidebar-style":"default","ast-global-header-display":"","ast-banner-title-visibility":"","ast-main-header-display":"","ast-hfb-above-header-display":"","ast-hfb-below-header-display":"","ast-hfb-mobile-header-display":"","site-post-title":"","ast-breadcrumbs-content":"","ast-featured-img":"","footer-sml-layout":"","ast-disable-related-posts":"","theme-transparent-header-meta":"default","adv-header-id-meta":"","stick-header-meta":"","header-above-stick-meta":"","header-main-stick-meta":"","header-below-stick-meta":"","astra-migrate-meta-layouts":"set","ast-page-background-enabled":"default","ast-page-background-meta":{"desktop":{"background-color":"var(--ast-global-color-5)","background-image":"","background-repeat":"repeat","background-position":"center center","background-size":"auto","background-attachment":"scroll","background-type":"","background-media":"","overlay-type":"","overlay-color":"","overlay-opacity":"","overlay-gradient":""},"tablet":{"background-color":"","background-image":"","background-repeat":"repeat","background-position":"center center","background-size":"auto","background-attachment":"scroll","background-type":"","background-media":"","overlay-type":"","overlay-color":"","overlay-opacity":"","overlay-gradient":""},"mobile":{"background-color":"","background-image":"","background-repeat":"repeat","background-position":"center center","background-size":"auto","background-attachment":"scroll","background-type":"","background-media":"","overlay-type":"","overlay-color":"","overlay-opacity":"","overlay-gradient":""}},"ast-content-background-meta":{"desktop":{"background-color":"var(--ast-global-color-4)","background-image":"","background-repeat":"repeat","background-position":"center center","background-size":"auto","background-attachment":"scroll","background-type":"","background-media":"","overlay-type":"","overlay-color":"","overlay-opacity":"","overlay-gradient":""},"tablet":{"background-color":"var(--ast-global-color-4)","background-image":"","background-repeat":"repeat","background-position":"center center","background-size":"auto","background-attachment":"scroll","background-type":"","background-media":"","overlay-type":"","overlay-color":"","overlay-opacity":"","overlay-gradient":""},"mobile":{"background-color":"var(--ast-global-color-4)","background-image":"","background-repeat":"repeat","background-position":"center center","background-size":"auto","background-attachment":"scroll","background-type":"","background-media":"","overlay-type":"","overlay-color":"","overlay-opacity":"","overlay-gradient":""}}},"product_brand":[55],"product_cat":[37],"product_tag":[40,38,24,39],"class_list":{"0":"post-107","1":"product","2":"type-product","3":"status-publish","4":"has-post-thumbnail","6":"product_brand-maison-matcha","7":"product_cat-sirop","8":"product_tag-matcha-noisette","9":"product_tag-noisette","10":"product_tag-sirop","11":"product_tag-sirop-de-noisette","12":"desktop-align-left","13":"tablet-align-left","14":"mobile-align-left","16":"first","17":"instock","18":"shipping-taxable","19":"purchasable","20":"product-type-simple"},"_links":{"self":[{"href":"https:\/\/pmarches.lpmiaw.univ-lr.fr\/wordpress3\/wp-json\/wp\/v2\/product\/107","targetHints":{"allow":["GET"]}}],"collection":[{"href":"https:\/\/pmarches.lpmiaw.univ-lr.fr\/wordpress3\/wp-json\/wp\/v2\/product"}],"about":[{"href":"https:\/\/pmarches.lpmiaw.univ-lr.fr\/wordpress3\/wp-json\/wp\/v2\/types\/product"}],"replies":[{"embeddable":true,"href":"https:\/\/pmarches.lpmiaw.univ-lr.fr\/wordpress3\/wp-json\/wp\/v2\/comments?post=107"}],"wp:featuredmedia":[{"embeddable":true,"href":"https:\/\/pmarches.lpmiaw.univ-lr.fr\/wordpress3\/wp-json\/wp\/v2\/media\/114"}],"wp:attachment":[{"href":"https:\/\/pmarches.lpmiaw.univ-lr.fr\/wordpress3\/wp-json\/wp\/v2\/media?parent=107"}],"wp:term":[{"taxonomy":"product_brand","embeddable":true,"href":"https:\/\/pmarches.lpmiaw.univ-lr.fr\/wordpress3\/wp-json\/wp\/v2\/product_brand?post=107"},{"taxonomy":"product_cat","embeddable":true,"href":"https:\/\/pmarches.lpmiaw.univ-lr.fr\/wordpress3\/wp-json\/wp\/v2\/product_cat?post=107"},{"taxonomy":"product_tag","embeddable":true,"href":"https:\/\/pmarches.lpmiaw.univ-lr.fr\/wordpress3\/wp-json\/wp\/v2\/product_tag?post=107"}],"curies":[{"name":"wp","href":"https:\/\/api.w.org\/{rel}","templated":true}]}}